{"id":84,"date":"2025-01-12T17:21:32","date_gmt":"2025-01-12T22:21:32","guid":{"rendered":"https:\/\/colefcolombia.co\/colefco\/?page_id=84"},"modified":"2025-02-15T23:28:22","modified_gmt":"2025-02-16T04:28:22","slug":"contacto","status":"publish","type":"page","link":"https:\/\/colefcolombia.co\/colefco\/contacto\/","title":{"rendered":"Contacto"},"content":{"rendered":"<style>.kadence-column84_876a2a-d1 > .kt-inside-inner-col,.kadence-column84_876a2a-d1 > .kt-inside-inner-col:before{border-top-left-radius:0px;border-top-right-radius:0px;border-bottom-right-radius:0px;border-bottom-left-radius:0px;}.kadence-column84_876a2a-d1 > .kt-inside-inner-col{column-gap:var(--global-kb-gap-sm, 1rem);}.kadence-column84_876a2a-d1 > .kt-inside-inner-col{flex-direction:column;}.kadence-column84_876a2a-d1 > .kt-inside-inner-col > .aligncenter{width:100%;}.kadence-column84_876a2a-d1 > .kt-inside-inner-col:before{opacity:0.3;}.kadence-column84_876a2a-d1{position:relative;}@media all and (max-width: 1024px){.kadence-column84_876a2a-d1 > .kt-inside-inner-col{flex-direction:column;justify-content:center;}}@media all and (max-width: 767px){.kadence-column84_876a2a-d1 > .kt-inside-inner-col{flex-direction:column;justify-content:center;}}<\/style>\n<div class=\"wp-block-kadence-column kadence-column84_876a2a-d1\"><div class=\"kt-inside-inner-col\">\n<p class=\"has-black-color has-text-color has-link-color wp-elements-cf9a5e9fffee7a05569aff4f3d415336\"><a href=\"https:\/\/colefcolombia.co\/colefco\/contacto\/\" data-type=\"link\" data-id=\"https:\/\/colefcolombia.co\/colefco\/contacto\/\"><strong>\u00a1Importante!<\/strong> Este formulario <strong>no es un chat en vivo<\/strong>, sino un canal de contacto por correo electr\u00f3nico.<\/a><\/p>\n<\/div><\/div>\n\n\n<div class='fluentform ff-default fluentform_wrapper_3  ff_guten_block ff_guten_block-3 ffs_default_wrap'><form data-form_id=\"3\" id=\"fluentform_3\" class=\"frm-fluent-form fluent_form_3 ff-el-form-top ff_form_instance_3_1 ff-form-loading ff_has_v3_recptcha ffs_default\" data-form_instance=\"ff_form_instance_3_1\" method=\"POST\" data-recptcha_key=\"6LfImtgqAAAAAGh5ohx3XfJeE38n9fYZyiN5hL8F\" ><fieldset  style=\"border: none!important;margin: 0!important;padding: 0!important;background-color: transparent!important;box-shadow: none!important;outline: none!important; min-inline-size: 100%;\">\n                    <legend class=\"ff_screen_reader_title\" style=\"display: block; margin: 0!important;padding: 0!important;height: 0!important;text-indent: -999999px;width: 0!important;overflow:hidden;\">Formulario de contacto<\/legend>        <div\n                style=\"display: none!important; position: absolute!important; transform: translateX(1000%)!important;\"\n                class=\"ff-el-group ff-hpsf-container\"\n        >\n            <div class=\"ff-el-input--label asterisk-right\">\n                <label for=\"ff_3_item_sf\" aria-label=\"Contact\">\n                    Contact                <\/label>\n            <\/div>\n            <div class=\"ff-el-input--content\">\n                <input type=\"text\"\n                       name=\"item_3__fluent_sf\"\n                       class=\"ff-el-form-control\"\n                       id=\"ff_3_item_sf\"\n                \/>\n            <\/div>\n        <\/div>\n        <input type='hidden' name='__fluent_form_embded_post_id' value='84' \/><input type=\"hidden\" id=\"_fluentform_3_fluentformnonce\" name=\"_fluentform_3_fluentformnonce\" value=\"0864a34fb0\" \/><input type=\"hidden\" name=\"_wp_http_referer\" value=\"\/colefco\/wp-json\/wp\/v2\/pages\/84\" \/><div data-type=\"name-element\" data-name=\"names\" class=\" ff-field_container ff-name-field-wrapper\" ><div class='ff-t-container'><div class='ff-t-cell '><div class='ff-el-group  ff-el-form-top'><div class=\"ff-el-input--label asterisk-right\"><label for='ff_3_names_first_name_' id='label_ff_3_names_first_name_' >Nombre<\/label><\/div><div class='ff-el-input--content'><input type=\"text\" name=\"names[first_name]\" id=\"ff_3_names_first_name_\" class=\"ff-el-form-control\" placeholder=\"Nombre completo\" aria-invalid=\"false\" aria-required=false><\/div><\/div><\/div><\/div><\/div><div class='ff-el-group'><div class=\"ff-el-input--label ff-el-is-required asterisk-right\"><label for='ff_3_email' id='label_ff_3_email' aria-label=\"Email\">Email<\/label><\/div><div class='ff-el-input--content'><input type=\"email\" name=\"email\" id=\"ff_3_email\" class=\"ff-el-form-control\" placeholder=\"Correo electr\u00f3nico\" data-name=\"email\"  aria-invalid=\"false\" aria-required=true><\/div><\/div><div class='ff-el-group'><div class=\"ff-el-input--label asterisk-right\"><label for='ff_3_numeric_field' id='label_ff_3_numeric_field' aria-label=\"Tel\u00e9fono\">Tel\u00e9fono<\/label><\/div><div class='ff-el-input--content'><input type=\"number\" name=\"numeric_field\" id=\"ff_3_numeric_field\" class=\"ff-el-form-control\" placeholder=\"N\u00famero telef\u00f3nico\" data-name=\"numeric_field\" inputmode=\"numeric\" step=\"any\" min=\"0\" aria-valuemin=\"0\"  aria-invalid=\"false\" aria-required=false><\/div><\/div><div class='ff-el-group'><div class=\"ff-el-input--label ff-el-is-required asterisk-right\"><label for='ff_3_message' id='label_ff_3_message' aria-label=\"Mensaje\">Mensaje<\/label><\/div><div class='ff-el-input--content'><textarea aria-required=\"true\" aria-labelledby=\"label_ff_3_message\" name=\"message\" id=\"ff_3_message\" class=\"ff-el-form-control\" placeholder=\"Escriba su mensaje\" rows=\"4\" cols=\"2\" data-name=\"message\" ><\/textarea><\/div><\/div><div class='ff-el-group    ff-el-input--content'><div class='ff-el-form-check ff-el-tc'><label aria-label='Doy mi consentimiento para que este sitio web almacene mi informaci\u00f3n enviada para que puedan responder a mi consulta' class='ff-el-form-check-label ff_tc_label' for=gdpr-agreement_4fd120b2aa61868e61a10ba0cee8c983><span class='ff_tc_checkbox'><input type=\"checkbox\" name=\"gdpr-agreement\" class=\"ff-el-form-check-input ff_gdpr_field\" data-name=\"gdpr-agreement\" id=\"gdpr-agreement_4fd120b2aa61868e61a10ba0cee8c983\"  value='on' aria-invalid='false' aria-required=true><\/span> <div class='ff_t_c'>Doy mi consentimiento para que este sitio web almacene mi informaci\u00f3n enviada para que puedan responder a mi consulta<\/div><\/label><\/div><\/div><div class='ff-el-group ff-text-left ff_submit_btn_wrapper'><button type=\"submit\" class=\"ff-btn ff-btn-submit ff-btn-md ff_btn_style\"  aria-label=\"Enviar\">Enviar<\/button><\/div><\/fieldset><\/form><div id='fluentform_3_errors' class='ff-errors-in-stack ff_form_instance_3_1 ff-form-loading_errors ff_form_instance_3_1_errors'><\/div><\/div>            <script type=\"text\/javascript\">\n                window.fluent_form_ff_form_instance_3_1 = {\"id\":\"3\",\"ajaxUrl\":\"https:\\\/\\\/colefcolombia.co\\\/colefco\\\/wp-admin\\\/admin-ajax.php\",\"settings\":{\"layout\":{\"labelPlacement\":\"top\",\"asteriskPlacement\":\"asterisk-right\",\"helpMessagePlacement\":\"with_label\",\"errorMessagePlacement\":\"inline\",\"cssClassName\":\"\"},\"restrictions\":{\"denyEmptySubmission\":{\"enabled\":false}}},\"form_instance\":\"ff_form_instance_3_1\",\"form_id_selector\":\"fluentform_3\",\"rules\":{\"names[first_name]\":{\"required\":{\"value\":false,\"message\":\"Este campo es obligatorio\",\"global\":true,\"global_message\":\"Este campo es obligatorio\"}},\"names[middle_name]\":{\"required\":{\"value\":false,\"message\":\"Este campo es obligatorio\",\"global\":true,\"global_message\":\"Este campo es obligatorio\"}},\"names[last_name]\":{\"required\":{\"value\":false,\"message\":\"Este campo es obligatorio\",\"global\":true,\"global_message\":\"Este campo es obligatorio\"}},\"email\":{\"required\":{\"value\":true,\"message\":\"Este campo es obligatorio\",\"global\":true,\"global_message\":\"Este campo es obligatorio\"},\"email\":{\"value\":true,\"message\":\"Este campo debe contener un correo electr\\u00f3nico v\\u00e1lido\",\"global\":true,\"global_message\":\"Este campo debe contener un correo electr\\u00f3nico v\\u00e1lido\"}},\"numeric_field\":{\"required\":{\"value\":false,\"message\":\"Este campo es obligatorio\",\"global_message\":\"Este campo es obligatorio\",\"global\":true},\"numeric\":{\"value\":true,\"message\":\"Este campo debe contener valor num\\u00e9rico\",\"global_message\":\"Este campo debe contener valor num\\u00e9rico\",\"global\":true},\"min\":{\"value\":\"0\",\"message\":\"La validaci\\u00f3n falla por el valor m\\u00ednimo\",\"global_message\":\"La validaci\\u00f3n falla por el valor m\\u00ednimo\",\"global\":true},\"max\":{\"value\":\"\",\"message\":\"La validaci\\u00f3n falla por el valor m\\u00e1ximo\",\"global_message\":\"La validaci\\u00f3n falla por el valor m\\u00e1ximo\",\"global\":true},\"digits\":{\"value\":\"\",\"message\":\"La validaci\\u00f3n falla por d\\u00edgitos limitados\",\"global_message\":\"La validaci\\u00f3n falla por d\\u00edgitos limitados\",\"global\":true}},\"message\":{\"required\":{\"value\":true,\"message\":\"Este campo es obligatorio\",\"global\":true,\"global_message\":\"Este campo es obligatorio\"}},\"gdpr-agreement\":{\"required\":{\"value\":true,\"message\":\"Este campo es obligatorio\",\"global_message\":\"Este campo es obligatorio\",\"global\":true}}},\"debounce_time\":300};\n                            <\/script>\n            \n\n\n<p><em>*Al enviar el formulario manifiesta estar de acuerdo con la <a href=\"https:\/\/colefcolombia.co\/wp-content\/uploads\/2021\/03\/MANUAL-PARA-LA-PROTECCION-DE-DATOS-PERSONALES-COLEF-f-1.pdf\" data-type=\"link\" data-id=\"https:\/\/colefcolombia.co\/wp-content\/uploads\/2021\/03\/MANUAL-PARA-LA-PROTECCION-DE-DATOS-PERSONALES-COLEF-f-1.pdf\" target=\"_blank\" rel=\"noreferrer noopener\">pol\u00edtica de privacidad<\/a><\/em><\/p>\n\n\n<style>.kadence-column84_00c9c5-c9 > .kt-inside-inner-col,.kadence-column84_00c9c5-c9 > .kt-inside-inner-col:before{border-top-left-radius:0px;border-top-right-radius:0px;border-bottom-right-radius:0px;border-bottom-left-radius:0px;}.kadence-column84_00c9c5-c9 > .kt-inside-inner-col{column-gap:var(--global-kb-gap-sm, 1rem);}.kadence-column84_00c9c5-c9 > .kt-inside-inner-col{flex-direction:column;}.kadence-column84_00c9c5-c9 > .kt-inside-inner-col > .aligncenter{width:100%;}.kadence-column84_00c9c5-c9 > .kt-inside-inner-col:before{opacity:0.3;}.kadence-column84_00c9c5-c9{position:relative;}@media all and (max-width: 1024px){.kadence-column84_00c9c5-c9 > .kt-inside-inner-col{flex-direction:column;justify-content:center;}}@media all and (max-width: 767px){.kadence-column84_00c9c5-c9 > .kt-inside-inner-col{flex-direction:column;justify-content:center;}}<\/style>\n<div class=\"wp-block-kadence-column kadence-column84_00c9c5-c9\"><div class=\"kt-inside-inner-col\">\n<h3 class=\"wp-block-heading\"><strong>CONDICIONES DE USO<\/strong><\/h3>\n\n\n\n<p>En cumplimiento del<strong>&nbsp;<em>Art. 15 Constituci\u00f3n Pol\u00edtica de Colombia, la Ley 1266 de 2008, la Ley 1581 de 2012 y el Decreto 1377 de 2013<\/em><\/strong>, informa que el titular de este sitio web:&nbsp;<a href=\"https:\/\/colefcolombia.co\/\">www.colefcolombia.co<\/a>&nbsp;es el Colegio Colombiano de Educadores F\u00edsicos y Profesiones Afines \u2013 COLEF, domiciliado en la Ciudad de Bogot\u00e1 \u2013 Colombia, Sur Am\u00e9rica. La direcci\u00f3n de correo electr\u00f3nico de contacto es:&nbsp;<a href=\"mailto:contacto@colefcolombia.co\">contacto@colefcolombia.co<\/a><\/p>\n\n\n\n<p>El COLEF, ha publicado en esta pagina en la secci\u00f3n&nbsp;CONTACTO,&nbsp;el manual interno para la protecci\u00f3n de datos personales, con el objetivo de establecer\u00e1 las medidas relacionadas con el tratamiento y protecci\u00f3n de datos personales en t\u00e9rminos de recolecci\u00f3n, uso, almacenamiento, actualizaci\u00f3n y supresi\u00f3n, teniendo como base las disposiciones recogidas en <strong><em>la Ley 1581 de 2012, el Decreto 1377 de 2013<\/em><\/strong>&nbsp;&nbsp;y dem\u00e1s normas concordantes,&nbsp;&nbsp;con el objeto de garantizar y proteger los derechos de las personas naturales que son miembros del&nbsp;Colegio Colombiano de Educadores F\u00edsicos y Profesiones Afines \u2013 COLEF&nbsp;&nbsp;\u2013&nbsp;y que&nbsp;&nbsp;suministren sus datos personales en forma presencial, no presencial y\/o virtual.<\/p>\n<\/div><\/div>\n","protected":false},"excerpt":{"rendered":"<p>\u00a1Importante! Este formulario no es un chat en vivo, sino un canal de contacto por correo electr\u00f3nico. *Al enviar el formulario manifiesta estar de acuerdo con la pol\u00edtica de privacidad CONDICIONES DE USO En cumplimiento del&nbsp;Art. 15 Constituci\u00f3n Pol\u00edtica de Colombia, la Ley 1266 de 2008, la Ley 1581 de 2012 y el Decreto 1377 [&hellip;]<\/p>\n","protected":false},"author":1,"featured_media":0,"parent":0,"menu_order":7,"comment_status":"closed","ping_status":"closed","template":"","meta":{"_coblocks_attr":"","_coblocks_dimensions":"","_coblocks_responsive_height":"","_coblocks_accordion_ie_support":"","_kadence_starter_templates_imported_post":false,"footnotes":""},"class_list":["post-84","page","type-page","status-publish","hentry"],"_links":{"self":[{"href":"https:\/\/colefcolombia.co\/colefco\/wp-json\/wp\/v2\/pages\/84","targetHints":{"allow":["GET"]}}],"collection":[{"href":"https:\/\/colefcolombia.co\/colefco\/wp-json\/wp\/v2\/pages"}],"about":[{"href":"https:\/\/colefcolombia.co\/colefco\/wp-json\/wp\/v2\/types\/page"}],"author":[{"embeddable":true,"href":"https:\/\/colefcolombia.co\/colefco\/wp-json\/wp\/v2\/users\/1"}],"replies":[{"embeddable":true,"href":"https:\/\/colefcolombia.co\/colefco\/wp-json\/wp\/v2\/comments?post=84"}],"version-history":[{"count":22,"href":"https:\/\/colefcolombia.co\/colefco\/wp-json\/wp\/v2\/pages\/84\/revisions"}],"predecessor-version":[{"id":519,"href":"https:\/\/colefcolombia.co\/colefco\/wp-json\/wp\/v2\/pages\/84\/revisions\/519"}],"wp:attachment":[{"href":"https:\/\/colefcolombia.co\/colefco\/wp-json\/wp\/v2\/media?parent=84"}],"curies":[{"name":"wp","href":"https:\/\/api.w.org\/{rel}","templated":true}]}}