{"id":82,"date":"2025-01-12T17:18:58","date_gmt":"2025-01-12T22:18:58","guid":{"rendered":"https:\/\/colefcolombia.co\/colefco\/?page_id=82"},"modified":"2025-07-17T21:47:52","modified_gmt":"2025-07-18T02:47:52","slug":"faq","status":"publish","type":"page","link":"https:\/\/colefcolombia.co\/colefco\/faq\/","title":{"rendered":"FAQ"},"content":{"rendered":"<style>.kadence-column82_f499c4-1a > .kt-inside-inner-col,.kadence-column82_f499c4-1a > .kt-inside-inner-col:before{border-top-left-radius:0px;border-top-right-radius:0px;border-bottom-right-radius:0px;border-bottom-left-radius:0px;}.kadence-column82_f499c4-1a > .kt-inside-inner-col{column-gap:var(--global-kb-gap-sm, 1rem);}.kadence-column82_f499c4-1a > .kt-inside-inner-col{flex-direction:column;}.kadence-column82_f499c4-1a > .kt-inside-inner-col > .aligncenter{width:100%;}.kadence-column82_f499c4-1a > .kt-inside-inner-col:before{opacity:0.3;}.kadence-column82_f499c4-1a{position:relative;}@media all and (max-width: 1024px){.kadence-column82_f499c4-1a > .kt-inside-inner-col{flex-direction:column;justify-content:center;}}@media all and (max-width: 767px){.kadence-column82_f499c4-1a > .kt-inside-inner-col{flex-direction:column;justify-content:center;}}<\/style>\n<div class=\"wp-block-kadence-column kadence-column82_f499c4-1a\"><div class=\"kt-inside-inner-col\">\n<p style=\"font-size:26px\"><strong>Preguntas frecuentes<\/strong><\/p>\n<\/div><\/div>\n\n\n<style>.kt-accordion-id82_dcec28-5f .kt-accordion-inner-wrap{column-gap:var(--global-kb-gap-md, 2rem);row-gap:10px;}.kt-accordion-id82_dcec28-5f .kt-accordion-panel-inner{border-top:0px solid transparent;border-right:0px solid transparent;border-bottom:0px solid transparent;border-left:0px solid transparent;background:#ffffff;padding-top:var(--global-kb-spacing-sm, 1.5rem);padding-right:var(--global-kb-spacing-sm, 1.5rem);padding-bottom:var(--global-kb-spacing-sm, 1.5rem);padding-left:var(--global-kb-spacing-sm, 1.5rem);}.kt-accordion-id82_dcec28-5f > .kt-accordion-inner-wrap > .wp-block-kadence-pane > .kt-accordion-header-wrap > .kt-blocks-accordion-header{border-top:0px solid #f2f2f2;border-right:0px solid #f2f2f2;border-bottom:0px solid #f2f2f2;border-left:0px solid #f2f2f2;border-top-left-radius:6px;border-top-right-radius:6px;border-bottom-right-radius:6px;border-bottom-left-radius:6px;background:#f2f2f2;color:#555555;padding-top:14px;padding-right:16px;padding-bottom:14px;padding-left:16px;}.kt-accordion-id82_dcec28-5f:not( .kt-accodion-icon-style-basiccircle ):not( .kt-accodion-icon-style-xclosecircle ):not( .kt-accodion-icon-style-arrowcircle )  > .kt-accordion-inner-wrap > .wp-block-kadence-pane > .kt-accordion-header-wrap .kt-blocks-accordion-icon-trigger:after, .kt-accordion-id82_dcec28-5f:not( .kt-accodion-icon-style-basiccircle ):not( .kt-accodion-icon-style-xclosecircle ):not( .kt-accodion-icon-style-arrowcircle )  > .kt-accordion-inner-wrap > .wp-block-kadence-pane > .kt-accordion-header-wrap .kt-blocks-accordion-icon-trigger:before{background:#555555;}.kt-accordion-id82_dcec28-5f:not( .kt-accodion-icon-style-basic ):not( .kt-accodion-icon-style-xclose ):not( .kt-accodion-icon-style-arrow ) .kt-blocks-accordion-icon-trigger{background:#555555;}.kt-accordion-id82_dcec28-5f:not( .kt-accodion-icon-style-basic ):not( .kt-accodion-icon-style-xclose ):not( .kt-accodion-icon-style-arrow ) .kt-blocks-accordion-icon-trigger:after, .kt-accordion-id82_dcec28-5f:not( .kt-accodion-icon-style-basic ):not( .kt-accodion-icon-style-xclose ):not( .kt-accodion-icon-style-arrow ) .kt-blocks-accordion-icon-trigger:before{background:#f2f2f2;}.kt-accordion-id82_dcec28-5f > .kt-accordion-inner-wrap > .wp-block-kadence-pane > .kt-accordion-header-wrap > .kt-blocks-accordion-header:hover, \n\t\t\t\tbody:not(.hide-focus-outline) .kt-accordion-id82_dcec28-5f .kt-blocks-accordion-header:focus-visible{color:#0693e3;background:#8ed1fc;border-top-color:#eeeeee;border-top-style:solid;border-right-color:#eeeeee;border-right-style:solid;border-bottom-color:#eeeeee;border-bottom-style:solid;border-left-color:#eeeeee;border-left-style:solid;}.kt-accordion-id82_dcec28-5f:not( .kt-accodion-icon-style-basiccircle ):not( .kt-accodion-icon-style-xclosecircle ):not( .kt-accodion-icon-style-arrowcircle ) .kt-accordion-header-wrap .kt-blocks-accordion-header:hover .kt-blocks-accordion-icon-trigger:after, .kt-accordion-id82_dcec28-5f:not( .kt-accodion-icon-style-basiccircle ):not( .kt-accodion-icon-style-xclosecircle ):not( .kt-accodion-icon-style-arrowcircle ) .kt-accordion-header-wrap .kt-blocks-accordion-header:hover .kt-blocks-accordion-icon-trigger:before, body:not(.hide-focus-outline) .kt-accordion-id82_dcec28-5f:not( .kt-accodion-icon-style-basiccircle ):not( .kt-accodion-icon-style-xclosecircle ):not( .kt-accodion-icon-style-arrowcircle ) .kt-blocks-accordion--visible .kt-blocks-accordion-icon-trigger:after, body:not(.hide-focus-outline) .kt-accordion-id82_dcec28-5f:not( .kt-accodion-icon-style-basiccircle ):not( .kt-accodion-icon-style-xclosecircle ):not( .kt-accodion-icon-style-arrowcircle ) .kt-blocks-accordion-header:focus-visible .kt-blocks-accordion-icon-trigger:before{background:#0693e3;}.kt-accordion-id82_dcec28-5f:not( .kt-accodion-icon-style-basic ):not( .kt-accodion-icon-style-xclose ):not( .kt-accodion-icon-style-arrow ) .kt-accordion-header-wrap .kt-blocks-accordion-header:hover .kt-blocks-accordion-icon-trigger, body:not(.hide-focus-outline) .kt-accordion-id82_dcec28-5f:not( .kt-accodion-icon-style-basic ):not( .kt-accodion-icon-style-xclose ):not( .kt-accodion-icon-style-arrow ) .kt-accordion-header-wrap .kt-blocks-accordion-header:focus-visible .kt-blocks-accordion-icon-trigger{background:#0693e3;}.kt-accordion-id82_dcec28-5f:not( .kt-accodion-icon-style-basic ):not( .kt-accodion-icon-style-xclose ):not( .kt-accodion-icon-style-arrow ) .kt-accordion-header-wrap .kt-blocks-accordion-header:hover .kt-blocks-accordion-icon-trigger:after, .kt-accordion-id82_dcec28-5f:not( .kt-accodion-icon-style-basic ):not( .kt-accodion-icon-style-xclose ):not( .kt-accodion-icon-style-arrow ) .kt-accordion-header-wrap .kt-blocks-accordion-header:hover .kt-blocks-accordion-icon-trigger:before, body:not(.hide-focus-outline) .kt-accordion-id82_dcec28-5f:not( .kt-accodion-icon-style-basic ):not( .kt-accodion-icon-style-xclose ):not( .kt-accodion-icon-style-arrow ) .kt-accordion-header-wrap .kt-blocks-accordion-header:focus-visible .kt-blocks-accordion-icon-trigger:after, body:not(.hide-focus-outline) .kt-accordion-id82_dcec28-5f:not( .kt-accodion-icon-style-basic ):not( .kt-accodion-icon-style-xclose ):not( .kt-accodion-icon-style-arrow ) .kt-accordion-header-wrap .kt-blocks-accordion-header:focus-visible .kt-blocks-accordion-icon-trigger:before{background:#8ed1fc;}.kt-accordion-id82_dcec28-5f .kt-accordion-header-wrap .kt-blocks-accordion-header:focus-visible,\n\t\t\t\t.kt-accordion-id82_dcec28-5f > .kt-accordion-inner-wrap > .wp-block-kadence-pane > .kt-accordion-header-wrap > .kt-blocks-accordion-header.kt-accordion-panel-active{color:#ffffff;background:#0693e3;border-top-color:#BE530B;border-top-style:solid;border-right-color:#BE530B;border-right-style:solid;border-bottom-color:#BE530B;border-bottom-style:solid;border-left-color:#BE530B;border-left-style:solid;}.kt-accordion-id82_dcec28-5f:not( .kt-accodion-icon-style-basiccircle ):not( .kt-accodion-icon-style-xclosecircle ):not( .kt-accodion-icon-style-arrowcircle )  > .kt-accordion-inner-wrap > .wp-block-kadence-pane > .kt-accordion-header-wrap > .kt-blocks-accordion-header.kt-accordion-panel-active .kt-blocks-accordion-icon-trigger:after, .kt-accordion-id82_dcec28-5f:not( .kt-accodion-icon-style-basiccircle ):not( .kt-accodion-icon-style-xclosecircle ):not( .kt-accodion-icon-style-arrowcircle )  > .kt-accordion-inner-wrap > .wp-block-kadence-pane > .kt-accordion-header-wrap > .kt-blocks-accordion-header.kt-accordion-panel-active .kt-blocks-accordion-icon-trigger:before{background:#ffffff;}.kt-accordion-id82_dcec28-5f:not( .kt-accodion-icon-style-basic ):not( .kt-accodion-icon-style-xclose ):not( .kt-accodion-icon-style-arrow ) .kt-blocks-accordion-header.kt-accordion-panel-active .kt-blocks-accordion-icon-trigger{background:#ffffff;}.kt-accordion-id82_dcec28-5f:not( .kt-accodion-icon-style-basic ):not( .kt-accodion-icon-style-xclose ):not( .kt-accodion-icon-style-arrow ) .kt-blocks-accordion-header.kt-accordion-panel-active .kt-blocks-accordion-icon-trigger:after, .kt-accordion-id82_dcec28-5f:not( .kt-accodion-icon-style-basic ):not( .kt-accodion-icon-style-xclose ):not( .kt-accodion-icon-style-arrow ) .kt-blocks-accordion-header.kt-accordion-panel-active .kt-blocks-accordion-icon-trigger:before{background:#0693e3;}@media all and (max-width: 1024px){.kt-accordion-id82_dcec28-5f .kt-accordion-panel-inner{border-top:0px solid transparent;border-right:0px solid transparent;border-bottom:0px solid transparent;border-left:0px solid transparent;}}@media all and (max-width: 1024px){.kt-accordion-id82_dcec28-5f > .kt-accordion-inner-wrap > .wp-block-kadence-pane > .kt-accordion-header-wrap > .kt-blocks-accordion-header{border-top:0px solid #f2f2f2;border-right:0px solid #f2f2f2;border-bottom:0px solid #f2f2f2;border-left:0px solid #f2f2f2;}}@media all and (max-width: 1024px){.kt-accordion-id82_dcec28-5f > .kt-accordion-inner-wrap > .wp-block-kadence-pane > .kt-accordion-header-wrap > .kt-blocks-accordion-header:hover, \n\t\t\t\tbody:not(.hide-focus-outline) .kt-accordion-id82_dcec28-5f .kt-blocks-accordion-header:focus-visible{border-top-color:#eeeeee;border-top-style:solid;border-right-color:#eeeeee;border-right-style:solid;border-bottom-color:#eeeeee;border-bottom-style:solid;border-left-color:#eeeeee;border-left-style:solid;}}@media all and (max-width: 1024px){.kt-accordion-id82_dcec28-5f .kt-accordion-header-wrap .kt-blocks-accordion-header:focus-visible,\n\t\t\t\t.kt-accordion-id82_dcec28-5f > .kt-accordion-inner-wrap > .wp-block-kadence-pane > .kt-accordion-header-wrap > .kt-blocks-accordion-header.kt-accordion-panel-active{border-top-color:#BE530B;border-top-style:solid;border-right-color:#BE530B;border-right-style:solid;border-bottom-color:#BE530B;border-bottom-style:solid;border-left-color:#BE530B;border-left-style:solid;}}@media all and (max-width: 767px){.kt-accordion-id82_dcec28-5f .kt-accordion-inner-wrap{display:block;}.kt-accordion-id82_dcec28-5f .kt-accordion-inner-wrap .kt-accordion-pane:not(:first-child){margin-top:10px;}.kt-accordion-id82_dcec28-5f .kt-accordion-panel-inner{border-top:0px solid transparent;border-right:0px solid transparent;border-bottom:0px solid transparent;border-left:0px solid transparent;}.kt-accordion-id82_dcec28-5f > .kt-accordion-inner-wrap > .wp-block-kadence-pane > .kt-accordion-header-wrap > .kt-blocks-accordion-header{border-top:0px solid #f2f2f2;border-right:0px solid #f2f2f2;border-bottom:0px solid #f2f2f2;border-left:0px solid #f2f2f2;}.kt-accordion-id82_dcec28-5f > .kt-accordion-inner-wrap > .wp-block-kadence-pane > .kt-accordion-header-wrap > .kt-blocks-accordion-header:hover, \n\t\t\t\tbody:not(.hide-focus-outline) .kt-accordion-id82_dcec28-5f .kt-blocks-accordion-header:focus-visible{border-top-color:#eeeeee;border-top-style:solid;border-right-color:#eeeeee;border-right-style:solid;border-bottom-color:#eeeeee;border-bottom-style:solid;border-left-color:#eeeeee;border-left-style:solid;}.kt-accordion-id82_dcec28-5f .kt-accordion-header-wrap .kt-blocks-accordion-header:focus-visible,\n\t\t\t\t.kt-accordion-id82_dcec28-5f > .kt-accordion-inner-wrap > .wp-block-kadence-pane > .kt-accordion-header-wrap > .kt-blocks-accordion-header.kt-accordion-panel-active{border-top-color:#BE530B;border-top-style:solid;border-right-color:#BE530B;border-right-style:solid;border-bottom-color:#BE530B;border-bottom-style:solid;border-left-color:#BE530B;border-left-style:solid;}}<\/style>\n<div class=\"wp-block-kadence-accordion alignnone\"><div class=\"kt-accordion-wrap kt-accordion-id82_dcec28-5f kt-accordion-has-12-panes kt-active-pane-0 kt-accordion-block kt-pane-header-alignment-left kt-accodion-icon-style-basic kt-accodion-icon-side-right\" style=\"max-width:none\"><div class=\"kt-accordion-inner-wrap\" data-allow-multiple-open=\"false\" data-start-open=\"0\">\n<div class=\"wp-block-kadence-pane kt-accordion-pane kt-accordion-pane-1 kt-pane82_2785ca-76\"><div class=\"kt-accordion-header-wrap\"><button class=\"kt-blocks-accordion-header kt-acccordion-button-label-show\" type=\"button\"><span class=\"kt-blocks-accordion-title-wrap\"><span class=\"kt-blocks-accordion-title\"><strong>\u00bfQu\u00e9 es la tarjeta de entrenador deportivo y cu\u00e1l es la diferencia con el Certificado de Idoneidad y Registro Provisional?<\/strong><\/span><\/span><span class=\"kt-blocks-accordion-icon-trigger\"><\/span><\/button><\/div><div class=\"kt-accordion-panel kt-accordion-panel-hidden\"><div class=\"kt-accordion-panel-inner\">\n<p>La Tarjeta de Entrenador Deportivo la podr\u00e1n obtener todos los entrenadores que tengan t\u00edtulos acad\u00e9micos disciplinares afines al entrenamiento deportivo: T\u00e9cnico Profesional, Tecn\u00f3logo o Profesional Universitario en Deporte, Educaci\u00f3n F\u00edsica o afines.<\/p>\n\n\n\n<p>Si el entrenador NO posee formaci\u00f3n acad\u00e9mica, debe gestionar el Certificado de Idoneidad que le permitir\u00e1 acceder al Registro Provisional.<\/p>\n\n\n\n<p>Para cualquiera de los dos procesos, debes ingresar a la p\u00e1gina del&nbsp;COCED&nbsp;<a href=\"http:\/\/www.coced.co\/\">www.coced.co<\/a>&nbsp;y all\u00ed encontrar\u00e1 la informaci\u00f3n y el paso a paso para hacer el proceso de certificaci\u00f3n.<\/p>\n<\/div><\/div><\/div>\n\n\n\n<div class=\"wp-block-kadence-pane kt-accordion-pane kt-accordion-pane-2 kt-pane82_b8cf9e-e7\"><div class=\"kt-accordion-header-wrap\"><button class=\"kt-blocks-accordion-header kt-acccordion-button-label-show\" type=\"button\"><span class=\"kt-blocks-accordion-title-wrap\"><span class=\"kt-blocks-accordion-title\"><strong>\u00bfC\u00f3mo saber si mi t\u00edtulo acad\u00e9mico me sirve para expedir la tarjeta de entrenador deportivo?<\/strong><\/span><\/span><span class=\"kt-blocks-accordion-icon-trigger\"><\/span><\/button><\/div><div class=\"kt-accordion-panel kt-accordion-panel-hidden\"><div class=\"kt-accordion-panel-inner\">\n<p>Si deseas saber si su t\u00edtulo acad\u00e9mico est\u00e1 avalado por el Ministerio de Educaci\u00f3n para obtener la Tarjeta de Entrenador Deportivo, lo puede consultar en el COCED visitando el siguiente enlace:&nbsp;<a href=\"https:\/\/www.coced.co\/programas-avalados\/\" target=\"_blank\" rel=\"noreferrer noopener\">https:\/\/www.coced.co\/programas-avalados\/<\/a> <\/p>\n<\/div><\/div><\/div>\n\n\n\n<div class=\"wp-block-kadence-pane kt-accordion-pane kt-accordion-pane-3 kt-pane82_884869-c2\"><div class=\"kt-accordion-header-wrap\"><button class=\"kt-blocks-accordion-header kt-acccordion-button-label-show\" type=\"button\"><span class=\"kt-blocks-accordion-title-wrap\"><span class=\"kt-blocks-accordion-title\"><strong>\u00bfQu\u00e9 debo hacer para obtener el Certificado de Idoneidad?<\/strong><\/span><\/span><span class=\"kt-blocks-accordion-icon-trigger\"><\/span><\/button><\/div><div class=\"kt-accordion-panel kt-accordion-panel-hidden\"><div class=\"kt-accordion-panel-inner\">\n<p>Debe cumplir tres requisitos:<\/p>\n\n\n\n<p><strong>1.<\/strong>&nbsp;Ser mayor de edad.&nbsp;<\/p>\n\n\n\n<p><strong>2.<\/strong>&nbsp;Presentar certificado o carta de experiencia laboral que acredite m\u00ednimo 12 meses de trabajo como entrenador. Dicho a\u00f1o de experiencia debe haberlo obtenido antes de la firma de la Ley del Entrenador Deportivo (23 de mayo de 2022).<\/p>\n\n\n\n<p>Si no cuenta con carta laboral, la experiencia se puede acreditar con documento firmado por dos testigos que certifiquen su trabajo durante este periodo, con las respectivas firmas y documentos de identidad.&nbsp;<\/p>\n\n\n\n<p><strong>3.<\/strong>&nbsp;Presentar y aprobar la evaluaci\u00f3n de idoneidad en las fechas establecidas por el COLEF.&nbsp;<\/p>\n<\/div><\/div><\/div>\n\n\n\n<div class=\"wp-block-kadence-pane kt-accordion-pane kt-accordion-pane-4 kt-pane82_65706a-97\"><div class=\"kt-accordion-header-wrap\"><button class=\"kt-blocks-accordion-header kt-acccordion-button-label-show\" type=\"button\"><span class=\"kt-blocks-accordion-title-wrap\"><span class=\"kt-blocks-accordion-title\"><strong>\u00bfC\u00f3mo puedo inscribirme para presentar la evaluaci\u00f3n del certificado de Idoneidad?<\/strong><\/span><\/span><span class=\"kt-blocks-accordion-icon-trigger\"><\/span><\/button><\/div><div class=\"kt-accordion-panel kt-accordion-panel-hidden\"><div class=\"kt-accordion-panel-inner\">\n<p>El proceso de inscripci\u00f3n se debe hacer inicialmente en el COCED, cumpliendo todos los requisitos all\u00ed establecidos. All\u00ed se explica el paso a paso.&nbsp;<a href=\"https:\/\/www.coced.co\/certificado-de-idoneidad\/\" target=\"_blank\" rel=\"noreferrer noopener\">https:\/\/www.coced.co\/certificado-de-idoneidad\/<\/a><\/p>\n\n\n\n<p>Luego del proceso de inscripci\u00f3n y pago, ser\u00e1 convocado a presentar la evaluaci\u00f3n por parte del COLEF.<\/p>\n\n\n\n<p>Tambi\u00e9n puedes consultar la informaci\u00f3n en&nbsp;<a href=\"https:\/\/colefcolombia.co\/colefco\/certificados\/\" target=\"_blank\" rel=\"noreferrer noopener\">colefcolombia.co\/certificados\/<\/a><\/p>\n<\/div><\/div><\/div>\n\n\n\n<div class=\"wp-block-kadence-pane kt-accordion-pane kt-accordion-pane-5 kt-pane82_53481b-3a\"><div class=\"kt-accordion-header-wrap\"><button class=\"kt-blocks-accordion-header kt-acccordion-button-label-show\" type=\"button\"><span class=\"kt-blocks-accordion-title-wrap\"><span class=\"kt-blocks-accordion-title\"><strong>\u00bfCu\u00e1les son las fechas de las convocatorias 2025?<\/strong><\/span><\/span><span class=\"kt-blocks-accordion-icon-trigger\"><\/span><\/button><\/div><div class=\"kt-accordion-panel kt-accordion-panel-hidden\"><div class=\"kt-accordion-panel-inner\">\n<p>Las pr\u00f3ximas fechas para presentar la evaluaci\u00f3n para obtener el certificado de idoneidad las puedes consultar en:&nbsp;<a href=\"https:\/\/colefcolombia.co\/colefco\/certificados\/convocatoria\/\" target=\"_blank\" rel=\"noreferrer noopener\">colefcolombia.co\/certificados\/convocatoria\/<\/a><\/p>\n<\/div><\/div><\/div>\n\n\n\n<div class=\"wp-block-kadence-pane kt-accordion-pane kt-accordion-pane-6 kt-pane82_baec25-ba\"><div class=\"kt-accordion-header-wrap\"><button class=\"kt-blocks-accordion-header kt-acccordion-button-label-show\" type=\"button\"><span class=\"kt-blocks-accordion-title-wrap\"><span class=\"kt-blocks-accordion-title\"><strong>\u00bfQu\u00e9 debo hacer para que me expidan el Registro Provisional?<\/strong><\/span><\/span><span class=\"kt-blocks-accordion-icon-trigger\"><\/span><\/button><\/div><div class=\"kt-accordion-panel kt-accordion-panel-hidden\"><div class=\"kt-accordion-panel-inner\">\n<p>Cumplir con los requisitos establecidos en el Par\u00e1grafo 8 de la Ley 2210 de 2022. Una vez haya aprobado la evaluaci\u00f3n de idoneidad, el COLEF expedir\u00e1 el Certificado de Aprobaci\u00f3n, el cual deber\u00e1 ser enviado al COCED para gestionar el Registro Provisional. Este es valido 5 por a\u00f1os y renovable por 5 a\u00f1os m\u00e1s.<\/p>\n\n\n\n<p><a href=\"https:\/\/www.coced.co\/registro-provisional\/\">https:\/\/www.coced.co\/registro-provisional\/<\/a><\/p>\n<\/div><\/div><\/div>\n\n\n\n<div class=\"wp-block-kadence-pane kt-accordion-pane kt-accordion-pane-7 kt-pane82_4cdbcc-82\"><div class=\"kt-accordion-header-wrap\"><button class=\"kt-blocks-accordion-header kt-acccordion-button-label-show\" type=\"button\"><span class=\"kt-blocks-accordion-title-wrap\"><span class=\"kt-blocks-accordion-title\"><strong>\u00bfCu\u00e1l es el prop\u00f3sito fundamental de la ley del Entrenador Deportivo?<\/strong><\/span><\/span><span class=\"kt-blocks-accordion-icon-trigger\"><\/span><\/button><\/div><div class=\"kt-accordion-panel kt-accordion-panel-hidden\"><div class=\"kt-accordion-panel-inner\">\n<p>El prop\u00f3sito de la Ley del Entrenador Deportivo, es el de salvaguardar a los usuarios de los servicios de deporte, garantizando la idoneidad de los entrenadores que dirigen la actividad.<\/p>\n\n\n\n<p>En segundo lugar, se busca promover la formaci\u00f3n en el nivel de educaci\u00f3n superior disciplinar af\u00edn al entrenamiento deportivo.<\/p>\n<\/div><\/div><\/div>\n\n\n\n<div class=\"wp-block-kadence-pane kt-accordion-pane kt-accordion-pane-8 kt-pane82_d1daec-d6\"><div class=\"kt-accordion-header-wrap\"><button class=\"kt-blocks-accordion-header kt-acccordion-button-label-show\" type=\"button\"><span class=\"kt-blocks-accordion-title-wrap\"><span class=\"kt-blocks-accordion-title\">\u00bf<strong>Qu\u00e9 es una Membres\u00eda en el Colegio Colombiano de Educadores F\u00edsicos y Profesiones Afines?<\/strong><\/span><\/span><span class=\"kt-blocks-accordion-icon-trigger\"><\/span><\/button><\/div><div class=\"kt-accordion-panel kt-accordion-panel-hidden\"><div class=\"kt-accordion-panel-inner\">\n<p>Es el acto mediante el cual el COLEF admite a un profesional despu\u00e9s de haber cumplido los requisitos establecidos.&nbsp;<\/p>\n<\/div><\/div><\/div>\n\n\n\n<div class=\"wp-block-kadence-pane kt-accordion-pane kt-accordion-pane-9 kt-pane82_893ed6-cd\"><div class=\"kt-accordion-header-wrap\"><button class=\"kt-blocks-accordion-header kt-acccordion-button-label-show\" type=\"button\"><span class=\"kt-blocks-accordion-title-wrap\"><span class=\"kt-blocks-accordion-title\">\u00bf<strong>Cu\u00e1les son los requisitos para ser miembro del COLEF?<\/strong><\/span><\/span><span class=\"kt-blocks-accordion-icon-trigger\"><\/span><\/button><\/div><div class=\"kt-accordion-panel kt-accordion-panel-hidden\"><div class=\"kt-accordion-panel-inner\">\n<p>Poseer titulo profesional reconocido por el Ministerio de Educaci\u00f3n Nacional. (t\u00e9cnico, tecn\u00f3logo, profesional)<\/p>\n\n\n\n<p><a href=\"https:\/\/colefcolombia.co\/certifkp3\/inscripcionrunef.php\" target=\"_blank\" rel=\"noreferrer noopener\">Diligenciar el Registro \u00danico Nacional del Educador F\u00edsico RUN-EF<\/a><\/p>\n<\/div><\/div><\/div>\n\n\n\n<div class=\"wp-block-kadence-pane kt-accordion-pane kt-accordion-pane-10 kt-pane82_93f593-49\"><div class=\"kt-accordion-header-wrap\"><button class=\"kt-blocks-accordion-header kt-acccordion-button-label-show\" type=\"button\"><span class=\"kt-blocks-accordion-title-wrap\"><span class=\"kt-blocks-accordion-title\">\u00bf<strong>Qu\u00e9 es el Registro \u00danico Nacional De Los Educadores F\u00edsicos y Profesiones Afines RUN-EF?<\/strong><\/span><\/span><span class=\"kt-blocks-accordion-icon-trigger\"><\/span><\/button><\/div><div class=\"kt-accordion-panel kt-accordion-panel-hidden\"><div class=\"kt-accordion-panel-inner\">\n<p>Es el acto mediante el cual el aspirante a ser miembros del COLEF, se inscribe diligenciando el formato RUN-EF, el cual es de car\u00e1cter obligatorio. Este registro est\u00e1 habilitado en la p\u00e1gina web: <a href=\"https:\/\/colefcolombia.co\/certifkp3\/inscripcionrunef.php\" target=\"_blank\" rel=\"noreferrer noopener\">www.colefcolombia.co<\/a>&nbsp; en el link <a href=\"https:\/\/colefcolombia.co\/certifkp3\/inscripcionrunef.php\" target=\"_blank\" rel=\"noreferrer noopener\">RUN-EF<\/a>. La totalidad de los registros RUN-EF conformar\u00e1n el Censo Nacional de profesionales del sector el cual ser\u00e1 actualizado peri\u00f3dicamente, permitiendo establecer el perfil&nbsp;de los educadores f\u00edsicos y profesiones afines.<\/p>\n<\/div><\/div><\/div>\n\n\n\n<div class=\"wp-block-kadence-pane kt-accordion-pane kt-accordion-pane-11 kt-pane82_fdceb8-65\"><div class=\"kt-accordion-header-wrap\"><button class=\"kt-blocks-accordion-header kt-acccordion-button-label-show\" type=\"button\"><span class=\"kt-blocks-accordion-title-wrap\"><span class=\"kt-blocks-accordion-title\">\u00bf<strong>Existe Confidencialidad de la Informaci\u00f3n que se Presenta en el Registro RUN-EF?<\/strong><\/span><\/span><span class=\"kt-blocks-accordion-icon-trigger\"><\/span><\/button><\/div><div class=\"kt-accordion-panel kt-accordion-panel-hidden\"><div class=\"kt-accordion-panel-inner\">\n<p>Se tiene limitaci\u00f3n de accesibilidad al p\u00fablico general de la informaci\u00f3n que cada profesional registre en el formulario RUN-EF, con lo cual se garantiza una total reserva de la misma.<\/p>\n\n\n\n<p>EL COLEF responder\u00e1 ante el Estado por la legalidad de estos registros y los certificar\u00e1 cuando fueren solicitados por orden judicial o por alguno de los poderes p\u00fablicos competentes.<\/p>\n<\/div><\/div><\/div>\n\n\n\n<div class=\"wp-block-kadence-pane kt-accordion-pane kt-accordion-pane-12 kt-pane82_74d2cc-03\" id=\"proctorizer\"><div class=\"kt-accordion-header-wrap\"><button class=\"kt-blocks-accordion-header kt-acccordion-button-label-show\" type=\"button\"><span class=\"kt-blocks-accordion-title-wrap\"><span class=\"kt-blocks-accordion-title\">\u00bf<strong>C\u00f3mo respondo mis dudas sobre el sistema de monitoreo Proctorizer?<\/strong><\/span><\/span><span class=\"kt-blocks-accordion-icon-trigger\"><\/span><\/button><\/div><div class=\"kt-accordion-panel kt-accordion-panel-hidden\"><div class=\"kt-accordion-panel-inner\">\n<p>A continuaci\u00f3n te compartimos un documento donde puedes verificar las respuestas a  preguntas frecuentes sobre el sistema de monitoreo Proctorizer para presentar la Evaluaci\u00f3n de Idoneidad.<\/p>\n\n\n\n<p><\/p>\n\n\n\n<div data-wp-interactive=\"core\/file\" class=\"wp-block-file\"><object data-wp-bind--hidden=\"!state.hasPdfPreview\" hidden class=\"wp-block-file__embed\" data=\"https:\/\/colefcolombia.co\/colefco\/wp-content\/uploads\/2025\/07\/preguntas-frecuentes-proctorizer.pdf\" type=\"application\/pdf\" style=\"width:100%;height:600px\" aria-label=\"Incrustado de preguntas-frecuentes-proctorizer.\"><\/object><a id=\"wp-block-file--media-80b90a45-7f0e-4367-ba9b-388b777e6b73\" href=\"https:\/\/colefcolombia.co\/colefco\/wp-content\/uploads\/2025\/07\/preguntas-frecuentes-proctorizer.pdf\">preguntas-frecuentes-proctorizer<\/a><a href=\"https:\/\/colefcolombia.co\/colefco\/wp-content\/uploads\/2025\/07\/preguntas-frecuentes-proctorizer.pdf\" class=\"wp-block-file__button wp-element-button\" download aria-describedby=\"wp-block-file--media-80b90a45-7f0e-4367-ba9b-388b777e6b73\">Descarga<\/a><\/div>\n<\/div><\/div><\/div>\n<\/div><\/div><\/div>\n\n\n\n<p><\/p>\n","protected":false},"excerpt":{"rendered":"<p>Preguntas frecuentes<\/p>\n","protected":false},"author":1,"featured_media":0,"parent":0,"menu_order":4,"comment_status":"closed","ping_status":"closed","template":"","meta":{"_coblocks_attr":"","_coblocks_dimensions":"","_coblocks_responsive_height":"","_coblocks_accordion_ie_support":"","_kadence_starter_templates_imported_post":false,"footnotes":""},"class_list":["post-82","page","type-page","status-publish","hentry"],"_links":{"self":[{"href":"https:\/\/colefcolombia.co\/colefco\/wp-json\/wp\/v2\/pages\/82","targetHints":{"allow":["GET"]}}],"collection":[{"href":"https:\/\/colefcolombia.co\/colefco\/wp-json\/wp\/v2\/pages"}],"about":[{"href":"https:\/\/colefcolombia.co\/colefco\/wp-json\/wp\/v2\/types\/page"}],"author":[{"embeddable":true,"href":"https:\/\/colefcolombia.co\/colefco\/wp-json\/wp\/v2\/users\/1"}],"replies":[{"embeddable":true,"href":"https:\/\/colefcolombia.co\/colefco\/wp-json\/wp\/v2\/comments?post=82"}],"version-history":[{"count":18,"href":"https:\/\/colefcolombia.co\/colefco\/wp-json\/wp\/v2\/pages\/82\/revisions"}],"predecessor-version":[{"id":828,"href":"https:\/\/colefcolombia.co\/colefco\/wp-json\/wp\/v2\/pages\/82\/revisions\/828"}],"wp:attachment":[{"href":"https:\/\/colefcolombia.co\/colefco\/wp-json\/wp\/v2\/media?parent=82"}],"curies":[{"name":"wp","href":"https:\/\/api.w.org\/{rel}","templated":true}]}}