{"id":819,"date":"2025-06-12T16:49:22","date_gmt":"2025-06-12T21:49:22","guid":{"rendered":"https:\/\/colefcolombia.co\/colefco\/?page_id=819"},"modified":"2025-06-12T16:49:22","modified_gmt":"2025-06-12T21:49:22","slug":"colef","status":"publish","type":"page","link":"https:\/\/colefcolombia.co\/colefco\/nosotros\/colef\/","title":{"rendered":"COLEF"},"content":{"rendered":"<style>.kadence-column819_bdc621-2f > .kt-inside-inner-col,.kadence-column819_bdc621-2f > .kt-inside-inner-col:before{border-top-left-radius:0px;border-top-right-radius:0px;border-bottom-right-radius:0px;border-bottom-left-radius:0px;}.kadence-column819_bdc621-2f > .kt-inside-inner-col{column-gap:var(--global-kb-gap-sm, 1rem);}.kadence-column819_bdc621-2f > .kt-inside-inner-col{flex-direction:column;}.kadence-column819_bdc621-2f > .kt-inside-inner-col > .aligncenter{width:100%;}.kadence-column819_bdc621-2f > .kt-inside-inner-col:before{opacity:0.3;}.kadence-column819_bdc621-2f{position:relative;}@media all and (max-width: 1024px){.kadence-column819_bdc621-2f > .kt-inside-inner-col{flex-direction:column;justify-content:center;}}@media all and (max-width: 767px){.kadence-column819_bdc621-2f > .kt-inside-inner-col{flex-direction:column;justify-content:center;}}<\/style>\n<div class=\"wp-block-kadence-column kadence-column819_bdc621-2f\"><div class=\"kt-inside-inner-col\">\n<p>Es el&nbsp;<strong>Colegio Colombiano de Educadores F\u00edsicos y Profesiones Afines<\/strong>, su nombre simplificado se transforma en la sigla COLEF.  Es una entidad que representa los intereses de los profesionales del sector de la educaci\u00f3n f\u00edsica, el deporte, la recreaci\u00f3n y la actividad f\u00edsica, Su finalidad es la defensa, fortalecimiento y apoyo del ejercicio profesional. Dispone de personer\u00eda jur\u00eddica propia y de plena delegaci\u00f3n legal para el cumplimiento de su misi\u00f3n.<\/p>\n\n\n\n<p><\/p>\n<\/div><\/div>\n\n\n\n<div class=\"wp-block-columns is-layout-flex wp-container-core-columns-is-layout-28f84493 wp-block-columns-is-layout-flex\">\n<div class=\"wp-block-column is-layout-flow wp-block-column-is-layout-flow\" style=\"flex-basis:50%\"><style>.kadence-column819_55fe16-23 > .kt-inside-inner-col,.kadence-column819_55fe16-23 > .kt-inside-inner-col:before{border-top-left-radius:0px;border-top-right-radius:0px;border-bottom-right-radius:0px;border-bottom-left-radius:0px;}.kadence-column819_55fe16-23 > .kt-inside-inner-col{column-gap:var(--global-kb-gap-sm, 1rem);}.kadence-column819_55fe16-23 > .kt-inside-inner-col{flex-direction:column;}.kadence-column819_55fe16-23 > .kt-inside-inner-col > .aligncenter{width:100%;}.kadence-column819_55fe16-23 > .kt-inside-inner-col:before{opacity:0.3;}.kadence-column819_55fe16-23{position:relative;}@media all and (max-width: 1024px){.kadence-column819_55fe16-23 > .kt-inside-inner-col{flex-direction:column;justify-content:center;}}@media all and (max-width: 767px){.kadence-column819_55fe16-23 > .kt-inside-inner-col{flex-direction:column;justify-content:center;}}<\/style>\n<div class=\"wp-block-kadence-column kadence-column819_55fe16-23\"><div class=\"kt-inside-inner-col\"><style>.wp-block-kadence-column.kb-section-dir-horizontal > .kt-inside-inner-col > .kt-info-box819_d429f9-23 .kt-blocks-info-box-link-wrap{max-width:unset;}.kt-info-box819_d429f9-23 .kt-blocks-info-box-link-wrap{border-top:5px solid var(--global-palette7, #eeeeee);border-right:5px solid var(--global-palette7, #eeeeee);border-bottom:5px solid var(--global-palette7, #eeeeee);border-left:5px solid var(--global-palette7, #eeeeee);background:#ffffff;padding-top:var(--global-kb-spacing-sm, 1.5rem);padding-right:var(--global-kb-spacing-sm, 1.5rem);padding-bottom:var(--global-kb-spacing-sm, 1.5rem);padding-left:var(--global-kb-spacing-sm, 1.5rem);}.kt-info-box819_d429f9-23 .kadence-info-box-icon-container .kt-info-svg-icon, .kt-info-box819_d429f9-23 .kt-info-svg-icon-flip, .kt-info-box819_d429f9-23 .kt-blocks-info-box-number{font-size:50px;}.kt-info-box819_d429f9-23 .kt-blocks-info-box-media{background:var(--global-palette7, #eeeeee);border-top-width:0px;border-right-width:0px;border-bottom-width:0px;border-left-width:0px;padding-top:20px;padding-right:20px;padding-bottom:20px;padding-left:20px;}.kt-info-box819_d429f9-23 .kt-blocks-info-box-media-container{margin-top:0px;margin-right:0px;margin-bottom:16px;margin-left:0px;}.kt-info-box819_d429f9-23 .kt-infobox-textcontent h2.kt-blocks-info-box-title{padding-top:0px;padding-right:0px;padding-bottom:0px;padding-left:0px;margin-top:5px;margin-right:0px;margin-bottom:10px;margin-left:0px;}.kt-info-box819_d429f9-23 .kt-blocks-info-box-learnmore{background:transparent;border-width:0px 0px 0px 0px;padding-top:4px;padding-right:8px;padding-bottom:4px;padding-left:8px;margin-top:10px;margin-right:0px;margin-bottom:10px;margin-left:0px;}@media all and (max-width: 1024px){.kt-info-box819_d429f9-23 .kt-blocks-info-box-link-wrap{border-top:5px solid var(--global-palette7, #eeeeee);border-right:5px solid var(--global-palette7, #eeeeee);border-bottom:5px solid var(--global-palette7, #eeeeee);border-left:5px solid var(--global-palette7, #eeeeee);}}@media all and (max-width: 767px){.kt-info-box819_d429f9-23 .kt-blocks-info-box-link-wrap{border-top:5px solid var(--global-palette7, #eeeeee);border-right:5px solid var(--global-palette7, #eeeeee);border-bottom:5px solid var(--global-palette7, #eeeeee);border-left:5px solid var(--global-palette7, #eeeeee);}}<\/style>\n<div class=\"wp-block-kadence-infobox kt-info-box819_d429f9-23\"><span class=\"kt-blocks-info-box-link-wrap info-box-link kt-blocks-info-box-media-align-top kt-info-halign-left\"><div class=\"kt-blocks-info-box-media-container\"><div class=\"kt-blocks-info-box-media kt-info-media-animate-none\"><div class=\"kadence-info-box-icon-container kt-info-icon-animate-none\"><div class=\"kadence-info-box-icon-inner-container\"><span class=\"kb-svg-icon-wrap kb-svg-icon-fe_heart kt-info-svg-icon\"><svg viewBox=\"0 0 24 24\"  fill=\"none\" stroke=\"currentColor\" stroke-width=\"2\" stroke-linecap=\"round\" stroke-linejoin=\"round\" xmlns=\"http:\/\/www.w3.org\/2000\/svg\"  aria-hidden=\"true\"><path d=\"M20.84 4.61a5.5 5.5 0 0 0-7.78 0L12 5.67l-1.06-1.06a5.5 5.5 0 0 0-7.78 7.78l1.06 1.06L12 21.23l7.78-7.78 1.06-1.06a5.5 5.5 0 0 0 0-7.78z\"\/><\/svg><\/span><\/div><\/div><\/div><\/div><div class=\"kt-infobox-textcontent\"><h2 class=\"kt-blocks-info-box-title\">Filosof\u00eda<\/h2><p class=\"kt-blocks-info-box-text\">La filosof\u00eda del <strong>COLEF <\/strong>se centra en la&nbsp;<strong>defensa, fortalecimiento y apoyo<\/strong>&nbsp;al ejercicio profesional, representando los intereses de los educadores f\u00edsicos y profesiones afines.<\/p><\/div><\/span><\/div>\n<\/div><\/div>\n<\/div>\n\n\n\n<div class=\"wp-block-column is-layout-flow wp-block-column-is-layout-flow\" style=\"flex-basis:50%\"><style>.wp-block-kadence-column.kb-section-dir-horizontal > .kt-inside-inner-col > .kt-info-box819_af40db-a8 .kt-blocks-info-box-link-wrap{max-width:unset;}.kt-info-box819_af40db-a8 .kt-blocks-info-box-link-wrap{border-top:5px solid var(--global-palette7, #eeeeee);border-right:5px solid var(--global-palette7, #eeeeee);border-bottom:5px solid var(--global-palette7, #eeeeee);border-left:5px solid var(--global-palette7, #eeeeee);background:#ffffff;padding-top:var(--global-kb-spacing-sm, 1.5rem);padding-right:var(--global-kb-spacing-sm, 1.5rem);padding-bottom:var(--global-kb-spacing-sm, 1.5rem);padding-left:var(--global-kb-spacing-sm, 1.5rem);}.kt-info-box819_af40db-a8 .kadence-info-box-icon-container .kt-info-svg-icon, .kt-info-box819_af40db-a8 .kt-info-svg-icon-flip, .kt-info-box819_af40db-a8 .kt-blocks-info-box-number{font-size:50px;}.kt-info-box819_af40db-a8 .kt-blocks-info-box-media{background:var(--global-palette7, #eeeeee);border-top-width:0px;border-right-width:0px;border-bottom-width:0px;border-left-width:0px;padding-top:20px;padding-right:20px;padding-bottom:20px;padding-left:20px;}.kt-info-box819_af40db-a8 .kt-blocks-info-box-media-container{margin-top:0px;margin-right:0px;margin-bottom:16px;margin-left:0px;}.kt-info-box819_af40db-a8 .kt-infobox-textcontent h2.kt-blocks-info-box-title{padding-top:0px;padding-right:0px;padding-bottom:0px;padding-left:0px;margin-top:5px;margin-right:0px;margin-bottom:10px;margin-left:0px;}.kt-info-box819_af40db-a8 .kt-blocks-info-box-learnmore{background:transparent;border-width:0px 0px 0px 0px;padding-top:4px;padding-right:8px;padding-bottom:4px;padding-left:8px;margin-top:10px;margin-right:0px;margin-bottom:10px;margin-left:0px;}@media all and (max-width: 1024px){.kt-info-box819_af40db-a8 .kt-blocks-info-box-link-wrap{border-top:5px solid var(--global-palette7, #eeeeee);border-right:5px solid var(--global-palette7, #eeeeee);border-bottom:5px solid var(--global-palette7, #eeeeee);border-left:5px solid var(--global-palette7, #eeeeee);}}@media all and (max-width: 767px){.kt-info-box819_af40db-a8 .kt-blocks-info-box-link-wrap{border-top:5px solid var(--global-palette7, #eeeeee);border-right:5px solid var(--global-palette7, #eeeeee);border-bottom:5px solid var(--global-palette7, #eeeeee);border-left:5px solid var(--global-palette7, #eeeeee);}}<\/style>\n<div class=\"wp-block-kadence-infobox kt-info-box819_af40db-a8\"><span class=\"kt-blocks-info-box-link-wrap info-box-link kt-blocks-info-box-media-align-top kt-info-halign-left\"><div class=\"kt-blocks-info-box-media-container\"><div class=\"kt-blocks-info-box-media kt-info-media-animate-none\"><div class=\"kadence-info-box-icon-container kt-info-icon-animate-none\"><div class=\"kadence-info-box-icon-inner-container\"><span class=\"kb-svg-icon-wrap kb-svg-icon-fe_target kt-info-svg-icon\"><svg viewBox=\"0 0 24 24\"  fill=\"none\" stroke=\"currentColor\" stroke-width=\"2\" stroke-linecap=\"round\" stroke-linejoin=\"round\" xmlns=\"http:\/\/www.w3.org\/2000\/svg\"  aria-hidden=\"true\"><circle cx=\"12\" cy=\"12\" r=\"10\"\/><circle cx=\"12\" cy=\"12\" r=\"6\"\/><circle cx=\"12\" cy=\"12\" r=\"2\"\/><\/svg><\/span><\/div><\/div><\/div><\/div><div class=\"kt-infobox-textcontent\"><h2 class=\"kt-blocks-info-box-title\">Nuestra tarea<\/h2><p class=\"kt-blocks-info-box-text\">Es la de&nbsp;<strong>promover el desarrollo gremial<\/strong>&nbsp;de los profesionales del sector, como ciencia y como profesi\u00f3n, bajo las debidas exigencias \u00e9ticas y en consonancia con lo legal, lo cient\u00edfico y lo profesional, de esta forma el COLEF act\u00faa como vocero leg\u00edtimo de los profesionales del sector ante los diferentes poderes, instancias y organismos del Estado, as\u00ed como ante otras instituciones y entidades p\u00fablicas o privadas del orden nacional e internacional..<\/p><\/div><\/span><\/div>\n<\/div>\n<\/div>\n\n\n\n<p><\/p>\n","protected":false},"excerpt":{"rendered":"<p>Es el&nbsp;Colegio Colombiano de Educadores F\u00edsicos y Profesiones Afines, su nombre simplificado se transforma en la sigla COLEF. Es una entidad que representa los intereses de los profesionales del sector de la educaci\u00f3n f\u00edsica, el deporte, la recreaci\u00f3n y la actividad f\u00edsica, Su finalidad es la defensa, fortalecimiento y apoyo del ejercicio profesional. Dispone de [&hellip;]<\/p>\n","protected":false},"author":1,"featured_media":0,"parent":75,"menu_order":0,"comment_status":"closed","ping_status":"closed","template":"","meta":{"_coblocks_attr":"","_coblocks_dimensions":"","_coblocks_responsive_height":"","_coblocks_accordion_ie_support":"","_kadence_starter_templates_imported_post":false,"footnotes":""},"class_list":["post-819","page","type-page","status-publish","hentry"],"_links":{"self":[{"href":"https:\/\/colefcolombia.co\/colefco\/wp-json\/wp\/v2\/pages\/819","targetHints":{"allow":["GET"]}}],"collection":[{"href":"https:\/\/colefcolombia.co\/colefco\/wp-json\/wp\/v2\/pages"}],"about":[{"href":"https:\/\/colefcolombia.co\/colefco\/wp-json\/wp\/v2\/types\/page"}],"author":[{"embeddable":true,"href":"https:\/\/colefcolombia.co\/colefco\/wp-json\/wp\/v2\/users\/1"}],"replies":[{"embeddable":true,"href":"https:\/\/colefcolombia.co\/colefco\/wp-json\/wp\/v2\/comments?post=819"}],"version-history":[{"count":1,"href":"https:\/\/colefcolombia.co\/colefco\/wp-json\/wp\/v2\/pages\/819\/revisions"}],"predecessor-version":[{"id":820,"href":"https:\/\/colefcolombia.co\/colefco\/wp-json\/wp\/v2\/pages\/819\/revisions\/820"}],"up":[{"embeddable":true,"href":"https:\/\/colefcolombia.co\/colefco\/wp-json\/wp\/v2\/pages\/75"}],"wp:attachment":[{"href":"https:\/\/colefcolombia.co\/colefco\/wp-json\/wp\/v2\/media?parent=819"}],"curies":[{"name":"wp","href":"https:\/\/api.w.org\/{rel}","templated":true}]}}